{"id":1653,"date":"2022-03-05T18:34:02","date_gmt":"2022-03-05T18:34:02","guid":{"rendered":"https:\/\/c4optics.com\/politica-de-privacidad\/"},"modified":"2023-02-01T15:03:15","modified_gmt":"2023-02-01T15:03:15","slug":"politica-de-privacidad","status":"publish","type":"page","link":"https:\/\/c4optics.com\/es\/politica-de-privacidad\/","title":{"rendered":"Pol\u00edtica de privacidad"},"content":{"rendered":"\t\t<div data-elementor-type=\"wp-page\" data-elementor-id=\"1653\" class=\"elementor elementor-1653 elementor-3\" data-elementor-post-type=\"page\">\n\t\t\t\t\t\t<section class=\"elementor-section elementor-top-section elementor-element elementor-element-21e03fed elementor-section-full_width secciones elementor-section-height-default elementor-section-height-default\" data-id=\"21e03fed\" data-element_type=\"section\" data-settings=\"{&quot;background_background&quot;:&quot;classic&quot;}\">\n\t\t\t\t\t\t<div class=\"elementor-container elementor-column-gap-default\">\n\t\t\t\t\t<div class=\"elementor-column elementor-col-100 elementor-top-column elementor-element elementor-element-31c2780f\" data-id=\"31c2780f\" data-element_type=\"column\">\n\t\t\t<div class=\"elementor-widget-wrap elementor-element-populated\">\n\t\t\t\t\t\t<div class=\"elementor-element elementor-element-93768e9 elementor-widget elementor-widget-text-editor\" data-id=\"93768e9\" data-element_type=\"widget\" data-widget_type=\"text-editor.default\">\n\t\t\t\t<div class=\"elementor-widget-container\">\n\t\t\t\t\t\t\t\t\t<h1>Pol\u00edtica de Privacidad<\/h1>\n<p>Seg\u00fan lo establecido en el RGPD (Reglamento (UE) 2016\/679), les proporcionamos la Informaci\u00f3n Detallada de Protecci\u00f3n de Datos que se expone a continuaci\u00f3n:<\/p>\n<p><strong>Responsable:<\/strong><\/p>\n<p>Razon Social: C4 \u00d2ptics \u2013 Ferasa Opticos, S.L.<\/p>\n<p>C.I.F.: B61773180.<\/p>\n<p>Direcci\u00f3n: C\/ Aribau, 17, Local, 08011 \u2013 Barcelona.<\/p>\n<p>Correo Electr\u00f3nico: aribau@c4optics.com.<\/p>\n<p><strong>Finalidad:<\/strong><\/p>\n<p>Le informamos que los Datos de Car\u00e1cter Personal recogidos, ser\u00e1n incorporados a un Fichero bajo nuestra responsabilidad, con la finalidad de gestionar el env\u00edo de la informaci\u00f3n que nos soliciten y facilitar a los interesados ofertas de productos y servicios de su inter\u00e9s. Los datos proporcionados se conservar\u00e1n mientras se mantenga la relaci\u00f3n comercial, durante los a\u00f1os necesarios para cumplir con las obligaciones legales o se solicite su supresi\u00f3n por el interesado.<\/p>\n<p><strong>Legitimaci\u00f3n:<\/strong><\/p>\n<p>Los Datos de Car\u00e1cter Personal obtenidos en esta P\u00e1gina Web, as\u00ed como la oferta de productos y servicios ofrecidos, est\u00e1 basada en el consentimiento que se le solicita al interesado.<\/p>\n<p>El interesado tendr\u00e1 derecho a retirar su consentimiento en cualquier momento. La retirada del consentimiento no afectar\u00e1 a la licitud del tratamiento basada en el consentimiento previo a su retirada.<\/p>\n<p><strong>Destinatarios:<\/strong><\/p>\n<p>No se ceder\u00e1n datos a terceros, salvo obligaci\u00f3n legal.<\/p>\n<p><strong>Derechos:<\/strong><\/p>\n<p>Usted como interesado directo, tiene derecho a obtener confirmaci\u00f3n sobre si en C4 \u00d2ptics \u2013 Ferasa Opticos, S.L. estamos tratando datos personales que le conciernen, o no. Usted tiene derecho a acceder a sus datos personales, as\u00ed como a solicitar la rectificaci\u00f3n de los datos inexactos o, en su caso, solicitar su supresi\u00f3n cuando, entre otros motivos, los datos ya no sean necesarios para los fines que fueron recogidos. En determinadas circunstancias, usted podr\u00e1 solicitar la limitaci\u00f3n del tratamiento de sus datos, en cuyo caso \u00fanicamente los conservaremos para el ejercicio o la defensa de reclamaciones.<\/p>\n<p>En determinadas circunstancias y por motivos relacionados con su situaci\u00f3n particular, usted podr\u00e1 oponerse al tratamiento de sus datos. C4 \u00d2ptics \u2013 Ferasa Opticos, S.L. dejar\u00e1 de tratar los datos, salvo por motivos leg\u00edtimos imperiosos, o el ejercicio o la defensa de posibles reclamaciones.<\/p>\n<p>En determinadas circunstancias, usted tendr\u00e1 derecho a recibir los datos personales que le incumban y que nos haya facilitado, y transmitirlos o solicitar que se los proporcionemos a un tercero sin objeci\u00f3n por nuestra parte (derecho a la portabilidad de datos).<\/p>\n<p>En determinadas circunstancias, le informamos que tendr\u00e1 derecho a no ser objeto de una decisi\u00f3n basada \u00fanicamente en el tratamiento automatizado, incluida la elaboraci\u00f3n de perfiles, que produzca efectos jur\u00eddicos sobre usted o le afecte significativamente de modo similar.<\/p>\n<p>Por otra parte le informamos que si considera que se ha cometido una infracci\u00f3n respecto al tratamiento de sus datos personales, tiene derecho a presentar una reclamaci\u00f3n ante la Autoridad de Control, la Agencia Espa\u00f1ola de Protecci\u00f3n de Datos, C\/ Jorge Juan, 6, 28001 \u2013 Madrid.<\/p>\n\t\t\t\t\t\t\t\t<\/div>\n\t\t\t\t<\/div>\n\t\t\t\t\t<\/div>\n\t\t<\/div>\n\t\t\t\t\t<\/div>\n\t\t<\/section>\n\t\t\t\t<\/div>\n\t\t","protected":false},"excerpt":{"rendered":"<p>Pol\u00edtica de Privacidad Seg\u00fan lo establecido en el RGPD (Reglamento (UE) 2016\/679), les proporcionamos la Informaci\u00f3n Detallada de Protecci\u00f3n de Datos que se expone a continuaci\u00f3n: Responsable: Razon Social: C4 \u00d2ptics \u2013 Ferasa Opticos, S.L. C.I.F.: B61773180. Direcci\u00f3n: C\/ Aribau, 17, Local, 08011 \u2013 Barcelona. Correo Electr\u00f3nico: aribau@c4optics.com. Finalidad: Le informamos que los Datos de &#8230; <a title=\"Pol\u00edtica de privacidad\" class=\"read-more\" href=\"https:\/\/c4optics.com\/es\/politica-de-privacidad\/\" aria-label=\"Leer m\u00e1s sobre Pol\u00edtica de privacidad\">Leer m\u00e1s<\/a><\/p>\n","protected":false},"author":1,"featured_media":0,"parent":0,"menu_order":0,"comment_status":"closed","ping_status":"closed","template":"","meta":{"footnotes":""},"class_list":["post-1653","page","type-page","status-publish"],"_links":{"self":[{"href":"https:\/\/c4optics.com\/es\/wp-json\/wp\/v2\/pages\/1653","targetHints":{"allow":["GET"]}}],"collection":[{"href":"https:\/\/c4optics.com\/es\/wp-json\/wp\/v2\/pages"}],"about":[{"href":"https:\/\/c4optics.com\/es\/wp-json\/wp\/v2\/types\/page"}],"author":[{"embeddable":true,"href":"https:\/\/c4optics.com\/es\/wp-json\/wp\/v2\/users\/1"}],"replies":[{"embeddable":true,"href":"https:\/\/c4optics.com\/es\/wp-json\/wp\/v2\/comments?post=1653"}],"version-history":[{"count":1,"href":"https:\/\/c4optics.com\/es\/wp-json\/wp\/v2\/pages\/1653\/revisions"}],"predecessor-version":[{"id":1654,"href":"https:\/\/c4optics.com\/es\/wp-json\/wp\/v2\/pages\/1653\/revisions\/1654"}],"wp:attachment":[{"href":"https:\/\/c4optics.com\/es\/wp-json\/wp\/v2\/media?parent=1653"}],"curies":[{"name":"wp","href":"https:\/\/api.w.org\/{rel}","templated":true}]}}