{"id":1655,"date":"2023-02-01T12:27:11","date_gmt":"2023-02-01T12:27:11","guid":{"rendered":"https:\/\/c4optics.com\/politica-de-cookies\/"},"modified":"2023-02-01T15:07:13","modified_gmt":"2023-02-01T15:07:13","slug":"politica-de-cookies","status":"publish","type":"page","link":"https:\/\/c4optics.com\/es\/politica-de-cookies\/","title":{"rendered":"Pol\u00edtica de cookies"},"content":{"rendered":"\t\t<div data-elementor-type=\"wp-page\" data-elementor-id=\"1655\" class=\"elementor elementor-1655 elementor-1557\" data-elementor-post-type=\"page\">\n\t\t\t\t\t\t<section class=\"elementor-section elementor-top-section elementor-element elementor-element-121fe3d elementor-section-full_width secciones elementor-section-height-default elementor-section-height-default\" data-id=\"121fe3d\" data-element_type=\"section\" data-settings=\"{&quot;background_background&quot;:&quot;classic&quot;}\">\n\t\t\t\t\t\t<div class=\"elementor-container elementor-column-gap-default\">\n\t\t\t\t\t<div class=\"elementor-column elementor-col-100 elementor-top-column elementor-element elementor-element-09019cd\" data-id=\"09019cd\" data-element_type=\"column\">\n\t\t\t<div class=\"elementor-widget-wrap elementor-element-populated\">\n\t\t\t\t\t\t<div class=\"elementor-element elementor-element-a2743f8 elementor-widget elementor-widget-text-editor\" data-id=\"a2743f8\" data-element_type=\"widget\" data-widget_type=\"text-editor.default\">\n\t\t\t\t<div class=\"elementor-widget-container\">\n\t\t\t\t\t\t\t\t\t<h1>Pol\u00edtica de Cookies<\/h1>\n<p>Desde nuestra Web queremos explicarle que son las Cookies, para que sirven, la finalidad de las mismas y c\u00f3mo puede configurarlas o deshabilitarlas.<\/p>\n<p><strong>\u00bfQu\u00e9 es una &nbsp;Cookie?<\/strong><\/p>\n<p>Las Cookies son peque\u00f1os archivos de datos recibidos por el terminal desde el sitio web visitado y se utilizan para registrar ciertas interacciones de navegaci\u00f3n en un sitio web mediante el almacenamiento de datos que puede ser actualizado y se recupera. Estos archivos se almacenan en el ordenador del usuario y contienen datos an\u00f3nimos que no son perjudiciales para el sistema. Se utilizan para recordar las preferencias del usuario, tales como el idioma seleccionado, los datos de acceso o la p\u00e1gina de personalizaci\u00f3n.<\/p>\n<p>Las Cookies son seguras ya que s\u00f3lo pueden almacenar la informaci\u00f3n que se puso en su lugar por el navegador, lo que es informaci\u00f3n que el usuario ha introducido en el navegador o la que se incluye en la solicitud de p\u00e1gina. No pueden ejecutar c\u00f3digo y no se pueden utilizar para acceder a su ordenador.<\/p>\n<p><strong>Tipos de Cookies.<\/strong><\/p>\n<p><strong>En funci\u00f3n de Quien las gestione:<\/strong><\/p>\n<p>Cookies propias: son las enviadas y gestionadas por un equipo o dominio del propio editor de la web que se est\u00e1 visitando.<\/p>\n<p>Cookies de terceros: son las enviadas y gestionadas por un tercero que no es el propio editor de la web, cuando proceden de otro servidor. Como por ejemplo, las usadas por redes sociales, o por contenido externo como Google &nbsp;Maps.<\/p>\n<p><strong>En funci\u00f3n de la finalidad para la que se traten los datos obtenidos de las mismas.<\/strong><\/p>\n<p>Cookies t\u00e9cnicas: permiten al usuario la navegaci\u00f3n a trav\u00e9s de una p\u00e1gina web y la utilizaci\u00f3n de las diferentes opciones o servicios que en ella existan como, por ejemplo, controlar el tr\u00e1fico, identificar la sesi\u00f3n del usuario, acceder a partes de acceso restringido, recordar los elementos que integran un pedido, realizar la solicitud de inscripci\u00f3n o participaci\u00f3n en un evento, utilizar elementos de seguridad durante la navegaci\u00f3n, almacenar contenidos para la difusi\u00f3n de videos o sonido o compartir contenidos a trav\u00e9s de redes sociales.<\/p>\n<p>Cookies de personalizaci\u00f3n: Son aqu\u00e9llas que le permiten acceder al servicio con unas caracter\u00edsticas predefinidas en funci\u00f3n de una serie de criterios, como por ejemplo el idioma, el tipo de navegador a trav\u00e9s del cual se accede al servicio, la configuraci\u00f3n regional desde donde se accede al servicio, etc.<\/p>\n<p>Cookies de an\u00e1lisis: Son aqu\u00e9llas que nos permiten cuantificar el n\u00famero de usuarios y as\u00ed realizar la medici\u00f3n y an\u00e1lisis estad\u00edstico de la utilizaci\u00f3n que hacen los usuarios de los servicios prestados y en base a ello tambi\u00e9n aplicar mejoras de dise\u00f1o y velocidad.<\/p>\n<p>Cookies de publicidad comportamental: son aquellas que almacenan informaci\u00f3n del comportamiento de los usuarios obtenida a trav\u00e9s de la observaci\u00f3n continuada de sus h\u00e1bitos de navegaci\u00f3n, lo que permite desarrollar un perfil espec\u00edfico para mostrar publicidad en funci\u00f3n del mismo.<\/p>\n<p><strong>En funci\u00f3n de la caducidad:<\/strong><\/p>\n<p>Cookies de sesi\u00f3n: son Cookies temporales que permanecen en el archivo de Cookies del navegador hasta que se abandona la p\u00e1gina web. Se suele emplear para analizar pautas de tr\u00e1fico en la web. A la larga, esto permite proporcionar una mejor experiencia para mejorar el contenido y facilitar su uso.<\/p>\n<p>Cookies permanentes: son almacenadas en el terminal y la p\u00e1gina web las lee cada vez que se realiza una nueva visita. A pesar de su nombre, una Cookie permanente posee una fecha de expiraci\u00f3n determinada. La &nbsp;Cookie &nbsp;dejar\u00e1 de funcionar despu\u00e9s de esa fecha que puede ir de unos minutos a varios a\u00f1os. Se utilizan, generalmente, para facilitar los diferentes servicios que ofrecen las p\u00e1ginas web.<\/p>\n<p><strong>Cookies Utilizadas:<\/strong><\/p>\n<p>Este portal Web utiliza Cookies que son estrictamente indispensables para poder utilizar nuestro sitio web y navegar libremente, utilizar las \u00e1reas de seguridad, opciones personalizadas, etc. No se recogen datos personales salvo que quiera registrarse, de forma voluntaria con el fin de realizar compras de los productos y servicios que ponemos a su disposici\u00f3n o de recibir informaci\u00f3n sobre promociones y contenidos de su inter\u00e9s previo consentimiento.<\/p>\n<p>No se ceden datos a terceros, no obstante nuestro portal Web puede contener enlaces a sitios web de terceros, cuyas pol\u00edticas de privacidad son ajenas a nosotros. Al acceder a tales sitios web usted puede decidir si acepta sus pol\u00edticas de privacidad y de Cookies.<\/p>\n<p>Tambi\u00e9n pueden contener enlaces a Redes Sociales (como Facebook o Twitter). Nuestro Portal Web no tiene control sobre las Cookies utilizadas por estos sitios web externos. Para m\u00e1s detalles sobre las Cookies de redes sociales o las de sitios web no relacionados, le recomendamos que revise sus propias pol\u00edticas de cookies.<\/p>\n<p><br><\/p>\t\t\t\t\t\t\t\t<\/div>\n\t\t\t\t<\/div>\n\t\t\t\t<div class=\"elementor-element elementor-element-3912be2 elementor-widget elementor-widget-text-editor\" data-id=\"3912be2\" data-element_type=\"widget\" data-widget_type=\"text-editor.default\">\n\t\t\t\t<div class=\"elementor-widget-container\">\n\t\t\t\t\t\t\t\t\t<div class=\"cky-audit-table-element\"><\/div>\n\t\t\t\t\t\t\t\t<\/div>\n\t\t\t\t<\/div>\n\t\t\t\t<div class=\"elementor-element elementor-element-cbfb999 elementor-widget elementor-widget-text-editor\" data-id=\"cbfb999\" data-element_type=\"widget\" data-widget_type=\"text-editor.default\">\n\t\t\t\t<div class=\"elementor-widget-container\">\n\t\t\t\t\t\t\t\t\t<p><strong style=\"background-color: var( --e-global-color-593fadf ); color: var(--contrast);\">Configurar o deshabilitar cookies:<\/strong><\/p>\n<p>Todos los navegadores de Internet permiten limitar el comportamiento de una Cookie o desactivar las Cookies dentro de la configuraci\u00f3n o las opciones del navegador. Los pasos para hacerlo son diferentes para cada navegador, pudi\u00e9ndose encontrar instrucciones en el men\u00fa de ayuda de su navegador. En los siguientes enlaces tiene a su disposici\u00f3n toda la informaci\u00f3n para configurar o deshabilitar las Cookies en cada navegador:<\/p>\n<p><strong>Chrome: <\/strong><a href=\"http:\/\/support.google.com\/chrome\/bin\/answer.py?hl=es&amp;answer=95647\" target=\"_blank\" rel=\"noopener\">http:\/\/support.google.com\/chrome\/bin\/answer.py?hl=ca&amp;answer=95647<\/a><\/p>\n<p><strong>Firefox: <\/strong> <a href=\"http:\/\/support.mozilla.org\/es\/kb\/habilitar-y-deshabilitar-cookies-que-los-sitios-we\" target=\"_blank\" rel=\"noopener\">https:\/\/support.mozilla.org\/ca\/kb\/activa-i-desactiva-les-galetes-que-les-pagines-web <\/a> <\/p>\n<p><strong>Edge<\/strong>: <a href=\"https:\/\/privacy.microsoft.com\/es-es\/windows-10-microsoft-edge-and-privacy\" target=\"_blank\" rel=\"noopener\">https:\/\/privacy.microsoft.com\/es-es\/windows-10-microsoft-edge-and-privacy<\/a><\/p>\n<p><strong>Safari: <\/strong><a href=\"https:\/\/support.apple.com\/kb\/PH21411?locale=es_ES&amp;viewlocale=es_ES\" target=\"_blank\" rel=\"noopener\">https:\/\/support.apple.com\/kb\/PH21411?locale=es_ES&amp;viewlocale=es_ES<\/a><\/p>\n\t\t\t\t\t\t\t\t<\/div>\n\t\t\t\t<\/div>\n\t\t\t\t\t<\/div>\n\t\t<\/div>\n\t\t\t\t\t<\/div>\n\t\t<\/section>\n\t\t\t\t<\/div>\n\t\t","protected":false},"excerpt":{"rendered":"<p>Pol\u00edtica de Cookies Desde nuestra Web queremos explicarle que son las Cookies, para que sirven, la finalidad de las mismas y c\u00f3mo puede configurarlas o deshabilitarlas. \u00bfQu\u00e9 es una &nbsp;Cookie? Las Cookies son peque\u00f1os archivos de datos recibidos por el terminal desde el sitio web visitado y se utilizan para registrar ciertas interacciones de navegaci\u00f3n &#8230; <a title=\"Pol\u00edtica de cookies\" class=\"read-more\" href=\"https:\/\/c4optics.com\/es\/politica-de-cookies\/\" aria-label=\"Leer m\u00e1s sobre Pol\u00edtica de cookies\">Leer m\u00e1s<\/a><\/p>\n","protected":false},"author":1,"featured_media":0,"parent":0,"menu_order":0,"comment_status":"closed","ping_status":"closed","template":"","meta":{"footnotes":""},"class_list":["post-1655","page","type-page","status-publish"],"_links":{"self":[{"href":"https:\/\/c4optics.com\/es\/wp-json\/wp\/v2\/pages\/1655","targetHints":{"allow":["GET"]}}],"collection":[{"href":"https:\/\/c4optics.com\/es\/wp-json\/wp\/v2\/pages"}],"about":[{"href":"https:\/\/c4optics.com\/es\/wp-json\/wp\/v2\/types\/page"}],"author":[{"embeddable":true,"href":"https:\/\/c4optics.com\/es\/wp-json\/wp\/v2\/users\/1"}],"replies":[{"embeddable":true,"href":"https:\/\/c4optics.com\/es\/wp-json\/wp\/v2\/comments?post=1655"}],"version-history":[{"count":1,"href":"https:\/\/c4optics.com\/es\/wp-json\/wp\/v2\/pages\/1655\/revisions"}],"predecessor-version":[{"id":1656,"href":"https:\/\/c4optics.com\/es\/wp-json\/wp\/v2\/pages\/1655\/revisions\/1656"}],"wp:attachment":[{"href":"https:\/\/c4optics.com\/es\/wp-json\/wp\/v2\/media?parent=1655"}],"curies":[{"name":"wp","href":"https:\/\/api.w.org\/{rel}","templated":true}]}}